{"id":1580,"date":"2023-05-22T16:16:26","date_gmt":"2023-05-22T16:16:26","guid":{"rendered":"https:\/\/recetasconencanto.com\/?page_id=1580"},"modified":"2023-05-22T16:16:26","modified_gmt":"2023-05-22T16:16:26","slug":"sobre-nosotros","status":"publish","type":"page","link":"https:\/\/recetasconencanto.com\/index.php\/sobre-nosotros\/","title":{"rendered":"Sobre Nosotros"},"content":{"rendered":"<p>AbuelaEnLaCocina es un sitio web dedicado a compartir recetas caseras tradicionales, secretos de cocina y consejos de la abuela para todos aquellos que aman la comida casera y desean recrear la magia en sus propias cocinas.<\/p>\n<p>Inspirados en las ense\u00f1anzas de nuestra propia abuela, creamos este espacio para celebrar la tradici\u00f3n culinaria familiar y la sabidur\u00eda transmitida de generaci\u00f3n en generaci\u00f3n.<\/p>\n<p>Aqu\u00ed encontrar\u00e1s una variedad de recetas, desde platos principales hasta postres, todos ellos con un toque de amor y cari\u00f1o que s\u00f3lo una abuela puede dar. Esperamos que disfrutes cocinando y compartiendo estas recetas tanto como nosotros disfrutamos comparti\u00e9ndolas contigo.<\/p>\n","protected":false},"excerpt":{"rendered":"<p>AbuelaEnLaCocina es un sitio web dedicado a compartir recetas caseras tradicionales, secretos de cocina y consejos de la abuela para todos aquellos que aman la comida casera y desean recrear &#8230; <\/p>\n<p class=\"read-more-container\"><a title=\"Sobre Nosotros\" class=\"read-more button\" href=\"https:\/\/recetasconencanto.com\/index.php\/sobre-nosotros\/#more-1580\" aria-label=\"More on Sobre Nosotros\">Seguir leyendo<\/a><\/p>\n","protected":false},"author":1,"featured_media":0,"parent":0,"menu_order":0,"comment_status":"closed","ping_status":"closed","template":"","meta":{"footnotes":""},"class_list":{"0":"post-1580","1":"page","2":"type-page","3":"status-publish","5":"no-featured-image-padding"},"yoast_head":"<!-- This site is optimized with the Yoast SEO Premium plugin v20.5 (Yoast SEO v27.4) - https:\/\/yoast.com\/product\/yoast-seo-premium-wordpress\/ -->\n<title>Sobre Nosotros - recetas con encanto<\/title>\n<meta name=\"robots\" content=\"index, follow, max-snippet:-1, max-image-preview:large, max-video-preview:-1\" \/>\n<link rel=\"canonical\" href=\"https:\/\/recetasconencanto.com\/index.php\/sobre-nosotros\/\" \/>\n<meta property=\"og:locale\" content=\"en_US\" \/>\n<meta property=\"og:type\" content=\"article\" \/>\n<meta property=\"og:title\" content=\"Sobre Nosotros\" \/>\n<meta property=\"og:description\" content=\"AbuelaEnLaCocina es un sitio web dedicado a compartir recetas caseras tradicionales, secretos de cocina y consejos de la abuela para todos aquellos que aman la comida casera y desean recrear ... Seguir leyendo\" \/>\n<meta property=\"og:url\" content=\"https:\/\/recetasconencanto.com\/index.php\/sobre-nosotros\/\" \/>\n<meta property=\"og:site_name\" content=\"recetas con encanto\" \/>\n<meta name=\"twitter:card\" content=\"summary_large_image\" \/>\n<meta name=\"twitter:label1\" content=\"Est. reading time\" \/>\n\t<meta name=\"twitter:data1\" content=\"1 minute\" \/>\n<script type=\"application\/ld+json\" class=\"yoast-schema-graph\">{\"@context\":\"https:\\\/\\\/schema.org\",\"@graph\":[{\"@type\":\"WebPage\",\"@id\":\"https:\\\/\\\/recetasconencanto.com\\\/index.php\\\/sobre-nosotros\\\/\",\"url\":\"https:\\\/\\\/recetasconencanto.com\\\/index.php\\\/sobre-nosotros\\\/\",\"name\":\"Sobre Nosotros - recetas con encanto\",\"isPartOf\":{\"@id\":\"https:\\\/\\\/recetasconencanto.com\\\/#website\"},\"datePublished\":\"2023-05-22T16:16:26+00:00\",\"breadcrumb\":{\"@id\":\"https:\\\/\\\/recetasconencanto.com\\\/index.php\\\/sobre-nosotros\\\/#breadcrumb\"},\"inLanguage\":\"en-US\",\"potentialAction\":[{\"@type\":\"ReadAction\",\"target\":[\"https:\\\/\\\/recetasconencanto.com\\\/index.php\\\/sobre-nosotros\\\/\"]}]},{\"@type\":\"BreadcrumbList\",\"@id\":\"https:\\\/\\\/recetasconencanto.com\\\/index.php\\\/sobre-nosotros\\\/#breadcrumb\",\"itemListElement\":[{\"@type\":\"ListItem\",\"position\":1,\"name\":\"Home\",\"item\":\"https:\\\/\\\/recetasconencanto.com\\\/\"},{\"@type\":\"ListItem\",\"position\":2,\"name\":\"Sobre Nosotros\"}]},{\"@type\":\"WebSite\",\"@id\":\"https:\\\/\\\/recetasconencanto.com\\\/#website\",\"url\":\"https:\\\/\\\/recetasconencanto.com\\\/\",\"name\":\"recetas con encanto\",\"description\":\"\",\"publisher\":{\"@id\":\"https:\\\/\\\/recetasconencanto.com\\\/#organization\"},\"potentialAction\":[{\"@type\":\"SearchAction\",\"target\":{\"@type\":\"EntryPoint\",\"urlTemplate\":\"https:\\\/\\\/recetasconencanto.com\\\/?s={search_term_string}\"},\"query-input\":{\"@type\":\"PropertyValueSpecification\",\"valueRequired\":true,\"valueName\":\"search_term_string\"}}],\"inLanguage\":\"en-US\"},{\"@type\":\"Organization\",\"@id\":\"https:\\\/\\\/recetasconencanto.com\\\/#organization\",\"name\":\"recetas con encanto\",\"url\":\"https:\\\/\\\/recetasconencanto.com\\\/\",\"logo\":{\"@type\":\"ImageObject\",\"inLanguage\":\"en-US\",\"@id\":\"https:\\\/\\\/recetasconencanto.com\\\/#\\\/schema\\\/logo\\\/image\\\/\",\"url\":\"https:\\\/\\\/recetasconencanto.com\\\/wp-content\\\/uploads\\\/2023\\\/12\\\/d5.png\",\"contentUrl\":\"https:\\\/\\\/recetasconencanto.com\\\/wp-content\\\/uploads\\\/2023\\\/12\\\/d5.png\",\"width\":500,\"height\":500,\"caption\":\"recetas con encanto\"},\"image\":{\"@id\":\"https:\\\/\\\/recetasconencanto.com\\\/#\\\/schema\\\/logo\\\/image\\\/\"}}]}<\/script>\n<!-- \/ Yoast SEO Premium plugin. -->","yoast_head_json":{"title":"Sobre Nosotros - recetas con encanto","robots":{"index":"index","follow":"follow","max-snippet":"max-snippet:-1","max-image-preview":"max-image-preview:large","max-video-preview":"max-video-preview:-1"},"canonical":"https:\/\/recetasconencanto.com\/index.php\/sobre-nosotros\/","og_locale":"en_US","og_type":"article","og_title":"Sobre Nosotros","og_description":"AbuelaEnLaCocina es un sitio web dedicado a compartir recetas caseras tradicionales, secretos de cocina y consejos de la abuela para todos aquellos que aman la comida casera y desean recrear ... Seguir leyendo","og_url":"https:\/\/recetasconencanto.com\/index.php\/sobre-nosotros\/","og_site_name":"recetas con encanto","twitter_card":"summary_large_image","twitter_misc":{"Est. reading time":"1 minute"},"schema":{"@context":"https:\/\/schema.org","@graph":[{"@type":"WebPage","@id":"https:\/\/recetasconencanto.com\/index.php\/sobre-nosotros\/","url":"https:\/\/recetasconencanto.com\/index.php\/sobre-nosotros\/","name":"Sobre Nosotros - recetas con encanto","isPartOf":{"@id":"https:\/\/recetasconencanto.com\/#website"},"datePublished":"2023-05-22T16:16:26+00:00","breadcrumb":{"@id":"https:\/\/recetasconencanto.com\/index.php\/sobre-nosotros\/#breadcrumb"},"inLanguage":"en-US","potentialAction":[{"@type":"ReadAction","target":["https:\/\/recetasconencanto.com\/index.php\/sobre-nosotros\/"]}]},{"@type":"BreadcrumbList","@id":"https:\/\/recetasconencanto.com\/index.php\/sobre-nosotros\/#breadcrumb","itemListElement":[{"@type":"ListItem","position":1,"name":"Home","item":"https:\/\/recetasconencanto.com\/"},{"@type":"ListItem","position":2,"name":"Sobre Nosotros"}]},{"@type":"WebSite","@id":"https:\/\/recetasconencanto.com\/#website","url":"https:\/\/recetasconencanto.com\/","name":"recetas con encanto","description":"","publisher":{"@id":"https:\/\/recetasconencanto.com\/#organization"},"potentialAction":[{"@type":"SearchAction","target":{"@type":"EntryPoint","urlTemplate":"https:\/\/recetasconencanto.com\/?s={search_term_string}"},"query-input":{"@type":"PropertyValueSpecification","valueRequired":true,"valueName":"search_term_string"}}],"inLanguage":"en-US"},{"@type":"Organization","@id":"https:\/\/recetasconencanto.com\/#organization","name":"recetas con encanto","url":"https:\/\/recetasconencanto.com\/","logo":{"@type":"ImageObject","inLanguage":"en-US","@id":"https:\/\/recetasconencanto.com\/#\/schema\/logo\/image\/","url":"https:\/\/recetasconencanto.com\/wp-content\/uploads\/2023\/12\/d5.png","contentUrl":"https:\/\/recetasconencanto.com\/wp-content\/uploads\/2023\/12\/d5.png","width":500,"height":500,"caption":"recetas con encanto"},"image":{"@id":"https:\/\/recetasconencanto.com\/#\/schema\/logo\/image\/"}}]}},"_links":{"self":[{"href":"https:\/\/recetasconencanto.com\/index.php\/wp-json\/wp\/v2\/pages\/1580","targetHints":{"allow":["GET"]}}],"collection":[{"href":"https:\/\/recetasconencanto.com\/index.php\/wp-json\/wp\/v2\/pages"}],"about":[{"href":"https:\/\/recetasconencanto.com\/index.php\/wp-json\/wp\/v2\/types\/page"}],"author":[{"embeddable":true,"href":"https:\/\/recetasconencanto.com\/index.php\/wp-json\/wp\/v2\/users\/1"}],"replies":[{"embeddable":true,"href":"https:\/\/recetasconencanto.com\/index.php\/wp-json\/wp\/v2\/comments?post=1580"}],"version-history":[{"count":2,"href":"https:\/\/recetasconencanto.com\/index.php\/wp-json\/wp\/v2\/pages\/1580\/revisions"}],"predecessor-version":[{"id":1999,"href":"https:\/\/recetasconencanto.com\/index.php\/wp-json\/wp\/v2\/pages\/1580\/revisions\/1999"}],"wp:attachment":[{"href":"https:\/\/recetasconencanto.com\/index.php\/wp-json\/wp\/v2\/media?parent=1580"}],"curies":[{"name":"wp","href":"https:\/\/api.w.org\/{rel}","templated":true}]}}